{"id":659,"date":"2025-07-07T06:53:57","date_gmt":"2025-07-07T04:53:57","guid":{"rendered":"https:\/\/divsser.com\/?page_id=659"},"modified":"2025-09-03T17:51:17","modified_gmt":"2025-09-03T15:51:17","slug":"laboral","status":"publish","type":"page","link":"https:\/\/divsser.com\/?page_id=659","title":{"rendered":"LABORAL"},"content":{"rendered":"\t\t<div data-elementor-type=\"wp-page\" data-elementor-id=\"659\" class=\"elementor elementor-659\">\n\t\t\t\t\t\t<section class=\"elementor-section elementor-top-section elementor-element elementor-element-f6f34eb elementor-section-boxed elementor-section-height-default elementor-section-height-default\" data-id=\"f6f34eb\" data-element_type=\"section\" data-settings=\"{&quot;background_background&quot;:&quot;slideshow&quot;,&quot;background_slideshow_gallery&quot;:[{&quot;id&quot;:177,&quot;url&quot;:&quot;https:\\\/\\\/divsser.com\\\/wp-content\\\/uploads\\\/2023\\\/01\\\/breadcrumb-01.jpg&quot;},{&quot;id&quot;:345,&quot;url&quot;:&quot;https:\\\/\\\/divsser.com\\\/wp-content\\\/uploads\\\/revslider\\\/slider-2\\\/slider-21.jpg&quot;}],&quot;background_slideshow_ken_burns&quot;:&quot;yes&quot;,&quot;background_slideshow_loop&quot;:&quot;yes&quot;,&quot;background_slideshow_slide_duration&quot;:5000,&quot;background_slideshow_slide_transition&quot;:&quot;fade&quot;,&quot;background_slideshow_transition_duration&quot;:500,&quot;background_slideshow_ken_burns_zoom_direction&quot;:&quot;in&quot;}\">\n\t\t\t\t\t\t<div class=\"elementor-container elementor-column-gap-default\">\n\t\t\t\t\t<div class=\"elementor-column elementor-col-100 elementor-top-column elementor-element elementor-element-0f5162b\" data-id=\"0f5162b\" data-element_type=\"column\">\n\t\t\t<div class=\"elementor-widget-wrap elementor-element-populated\">\n\t\t\t\t\t\t<div class=\"elementor-element elementor-element-a060dcb elementor-widget elementor-widget-gva-heading-block\" data-id=\"a060dcb\" data-element_type=\"widget\" data-widget_type=\"gva-heading-block.default\">\n\t\t\t\t<div class=\"elementor-widget-container\">\n\t\t\t\t\t<div class=\"gva-element-gva-heading-block gva-element\">   <div class=\"align-left style-1 widget gsc-heading box-align-left auto-responsive\">\r\n      <div class=\"content-inner\">\r\n         \r\n                  \r\n           \r\n         \r\n                     <h2 class=\"title\">\r\n               <span>DIVSSER LABORAL<\/span>\r\n            <\/h2>\r\n                  \r\n                     <div class=\"title-desc\">Asesor\u00eda Empresarial Diversa, Sociedad An\u00f3nima <\/div>\r\n         \r\n         \r\n      <\/div>\r\n   <\/div>\r\n<\/div>\t\t\t\t<\/div>\n\t\t\t\t<\/div>\n\t\t\t\t\t<\/div>\n\t\t<\/div>\n\t\t\t\t\t<\/div>\n\t\t<\/section>\n\t\t\t\t<section class=\"elementor-section elementor-top-section elementor-element elementor-element-f41fdd1 elementor-section-boxed elementor-section-height-default elementor-section-height-default\" data-id=\"f41fdd1\" data-element_type=\"section\" data-settings=\"{&quot;background_background&quot;:&quot;classic&quot;}\">\n\t\t\t\t\t\t\t<div class=\"elementor-background-overlay\"><\/div>\n\t\t\t\t\t\t\t<div class=\"elementor-container elementor-column-gap-default\">\n\t\t\t\t\t<div class=\"elementor-column elementor-col-100 elementor-top-column elementor-element elementor-element-b415ef4 elementor-invisible\" data-id=\"b415ef4\" data-element_type=\"column\" data-settings=\"{&quot;animation&quot;:&quot;bounce&quot;}\">\n\t\t\t<div class=\"elementor-widget-wrap elementor-element-populated\">\n\t\t\t\t\t\t<div class=\"elementor-element elementor-element-4575b60 elementor-widget elementor-widget-spacer\" data-id=\"4575b60\" data-element_type=\"widget\" data-widget_type=\"spacer.default\">\n\t\t\t\t<div class=\"elementor-widget-container\">\n\t\t\t\t\t\t\t<div class=\"elementor-spacer\">\n\t\t\t<div class=\"elementor-spacer-inner\"><\/div>\n\t\t<\/div>\n\t\t\t\t\t\t<\/div>\n\t\t\t\t<\/div>\n\t\t\t\t<div class=\"elementor-element elementor-element-04a917e elementor-widget elementor-widget-gva-heading-block\" data-id=\"04a917e\" data-element_type=\"widget\" data-settings=\"{&quot;_animation&quot;:&quot;none&quot;}\" data-widget_type=\"gva-heading-block.default\">\n\t\t\t\t<div class=\"elementor-widget-container\">\n\t\t\t\t\t<div class=\"gva-element-gva-heading-block gva-element\">   <div class=\"align-left style-1 widget gsc-heading box-align-left auto-responsive\">\r\n      <div class=\"content-inner\">\r\n         \r\n                  \r\n         <div class=\"sub-title\"><span class=\"tagline\">DIVSSER LABORAL<\/span><\/div>  \r\n         \r\n                  \r\n         \r\n         \r\n      <\/div>\r\n   <\/div>\r\n<\/div>\t\t\t\t<\/div>\n\t\t\t\t<\/div>\n\t\t\t\t<div class=\"elementor-element elementor-element-46aa320 elementor-widget elementor-widget-text-editor\" data-id=\"46aa320\" data-element_type=\"widget\" data-widget_type=\"text-editor.default\">\n\t\t\t\t<div class=\"elementor-widget-container\">\n\t\t\t\t\t\t\t\t\t<p style=\"text-align: justify;\">En DIVSSER ofrecemos soluciones legales y administrativas para asegurar que tu empresa opere conforme a la normativa laboral vigente en Guatemala. Nos especializamos en acompa\u00f1arte en cada etapa de la relaci\u00f3n laboral, desde la contrataci\u00f3n hasta la desvinculaci\u00f3n.<\/p>\t\t\t\t\t\t\t\t<\/div>\n\t\t\t\t<\/div>\n\t\t\t\t<div class=\"elementor-element elementor-element-36dafae elementor-widget elementor-widget-spacer\" data-id=\"36dafae\" data-element_type=\"widget\" data-widget_type=\"spacer.default\">\n\t\t\t\t<div class=\"elementor-widget-container\">\n\t\t\t\t\t\t\t<div class=\"elementor-spacer\">\n\t\t\t<div class=\"elementor-spacer-inner\"><\/div>\n\t\t<\/div>\n\t\t\t\t\t\t<\/div>\n\t\t\t\t<\/div>\n\t\t\t\t<div class=\"elementor-element elementor-element-8f5fe24 elementor-widget elementor-widget-gva-heading-block\" data-id=\"8f5fe24\" data-element_type=\"widget\" data-widget_type=\"gva-heading-block.default\">\n\t\t\t\t<div class=\"elementor-widget-container\">\n\t\t\t\t\t<div class=\"gva-element-gva-heading-block gva-element\">   <div class=\"align-center style-3 widget gsc-heading box-align-left auto-responsive\">\r\n      <div class=\"content-inner\">\r\n         \r\n                  \r\n           \r\n         \r\n                     <h2 class=\"title\">\r\n               <span>Seguridad, respeto y liderazgo: pilares de tu empresa\n<\/span>\r\n            <\/h2>\r\n                  \r\n         \r\n         \r\n      <\/div>\r\n   <\/div>\r\n<\/div>\t\t\t\t<\/div>\n\t\t\t\t<\/div>\n\t\t\t\t<div class=\"elementor-element elementor-element-bfb0d99 elementor-invisible elementor-widget elementor-widget-text-editor\" data-id=\"bfb0d99\" data-element_type=\"widget\" data-settings=\"{&quot;_animation&quot;:&quot;headShake&quot;}\" data-widget_type=\"text-editor.default\">\n\t\t\t\t<div class=\"elementor-widget-container\">\n\t\t\t\t\t\t\t\t\t<p style=\"text-align: justify;\">Nuestro acompa\u00f1amiento garantiza claridad, legalidad, eficiencia y estrategia en cada etapa del proceso empresarial, aportando valor desde la base legal hasta la proyecci\u00f3n de la empresa como una marca confiable y competitiva.<\/p>\t\t\t\t\t\t\t\t<\/div>\n\t\t\t\t<\/div>\n\t\t\t\t<div class=\"elementor-element elementor-element-a74fe44 elementor-widget elementor-widget-spacer\" data-id=\"a74fe44\" data-element_type=\"widget\" data-widget_type=\"spacer.default\">\n\t\t\t\t<div class=\"elementor-widget-container\">\n\t\t\t\t\t\t\t<div class=\"elementor-spacer\">\n\t\t\t<div class=\"elementor-spacer-inner\"><\/div>\n\t\t<\/div>\n\t\t\t\t\t\t<\/div>\n\t\t\t\t<\/div>\n\t\t\t\t<div class=\"elementor-element elementor-element-6bad163 elementor-invisible elementor-widget elementor-widget-gva-heading-block\" data-id=\"6bad163\" data-element_type=\"widget\" data-settings=\"{&quot;_animation&quot;:&quot;jello&quot;}\" data-widget_type=\"gva-heading-block.default\">\n\t\t\t\t<div class=\"elementor-widget-container\">\n\t\t\t\t\t<div class=\"gva-element-gva-heading-block gva-element\">   <div class=\"align-center style-1 widget gsc-heading box-align-left auto-responsive\">\r\n      <div class=\"content-inner\">\r\n         \r\n                  \r\n         <div class=\"sub-title\"><span class=\"tagline\">Soluciones laborales con respaldo legal y enfoque humano<\/span><\/div>  \r\n         \r\n                     <h2 class=\"title\">\r\n               <span>Nuestros Servicios<\/span>\r\n            <\/h2>\r\n                  \r\n         \r\n         \r\n      <\/div>\r\n   <\/div>\r\n<\/div>\t\t\t\t<\/div>\n\t\t\t\t<\/div>\n\t\t\t\t<div class=\"elementor-element elementor-element-9d23e78 elementor-widget elementor-widget-gva_icon_box_group\" data-id=\"9d23e78\" data-element_type=\"widget\" data-widget_type=\"gva_icon_box_group.default\">\n\t\t\t\t<div class=\"elementor-widget-container\">\n\t\t\t\t\t<div class=\"gva-element-gva_icon_box_group gva-element\">\r\n<div class=\"gsc-icon-box-group layout-grid\">\r\n\t<div class=\"lg-block-grid-3 md-block-grid-3 sm-block-grid-2 xs-block-grid-1 xx-block-grid-1\">\r\n\t\t\t\t\t\r\n\t\t\t<div class=\"item-columns\">\r\n\t\t\t\t\r\n<div class=\"icon-box-item elementor-repeater-item-6c38764\">\r\n\t\t\r\n\t\t<div class=\"iconbox-two__single\"><div class=\"iconbox-two__content\"><div class=\"iconbox-two__icon\"><i aria-hidden=\"true\" class=\" micon__insurance-2\"><\/i><\/div><div class=\"iconbox-two__content-inner\"><h3 class=\"iconbox-two__title\">Elaboraci\u00f3n de contratos de trabajo y reglamentos internos<\/h3><div class=\"iconbox-two__desc\">Adaptados al giro de tu empresa y alineados con el C\u00f3digo de Trabajo.<\/div><\/div><\/div><\/div><\/div>\t\t\t<\/div>\r\n\r\n\t\t\t\t\t\r\n\t\t\t<div class=\"item-columns\">\r\n\t\t\t\t\r\n<div class=\"icon-box-item elementor-repeater-item-34d4849\">\r\n\t\t\r\n\t\t<div class=\"iconbox-two__single\"><div class=\"iconbox-two__content\"><div class=\"iconbox-two__icon\"><i aria-hidden=\"true\" class=\" micon__guarantee\"><\/i><\/div><div class=\"iconbox-two__content-inner\"><h3 class=\"iconbox-two__title\">Inscripci\u00f3n y gesti\u00f3n ante IGSS y SAT<\/h3><div class=\"iconbox-two__desc\">Apoyamos en el alta patronal, afiliaci\u00f3n de trabajadores y cumplimiento de obligaciones fiscales-laborales.<\/div><\/div><\/div><\/div><\/div>\t\t\t<\/div>\r\n\r\n\t\t\t\t\t\r\n\t\t\t<div class=\"item-columns\">\r\n\t\t\t\t\r\n<div class=\"icon-box-item elementor-repeater-item-c987a19\">\r\n\t\t\r\n\t\t<div class=\"iconbox-two__single\"><div class=\"iconbox-two__content\"><div class=\"iconbox-two__icon\"><i aria-hidden=\"true\" class=\" flaticon-scrum\"><\/i><\/div><div class=\"iconbox-two__content-inner\"><h3 class=\"iconbox-two__title\">Auditor\u00edas laborales y control de libros de salario<\/h3><div class=\"iconbox-two__desc\">Revisamos y corregimos pr\u00e1cticas para prevenir sanciones y garantizar cumplimiento documental.<\/div><\/div><\/div><\/div><\/div>\t\t\t<\/div>\r\n\r\n\t\t\t<\/div>   \r\n<\/div>\r\n<\/div>\t\t\t\t<\/div>\n\t\t\t\t<\/div>\n\t\t\t\t<div class=\"elementor-element elementor-element-696fda3 elementor-widget elementor-widget-gva_icon_box_group\" data-id=\"696fda3\" data-element_type=\"widget\" data-widget_type=\"gva_icon_box_group.default\">\n\t\t\t\t<div class=\"elementor-widget-container\">\n\t\t\t\t\t<div class=\"gva-element-gva_icon_box_group gva-element\">\r\n<div class=\"gsc-icon-box-group layout-grid\">\r\n\t<div class=\"lg-block-grid-3 md-block-grid-3 sm-block-grid-2 xs-block-grid-1 xx-block-grid-1\">\r\n\t\t\t\t\t\r\n\t\t\t<div class=\"item-columns\">\r\n\t\t\t\t\r\n<div class=\"icon-box-item elementor-repeater-item-c987a19\">\r\n\t\t\r\n\t\t<div class=\"iconbox-two__single\"><div class=\"iconbox-two__content\"><div class=\"iconbox-two__icon\"><i aria-hidden=\"true\" class=\" micon__insurance\"><\/i><\/div><div class=\"iconbox-two__content-inner\"><h3 class=\"iconbox-two__title\">Representaci\u00f3n ante inspecci\u00f3n de trabajo<\/h3><div class=\"iconbox-two__desc\">Acompa\u00f1amos y asesoramos durante procesos de fiscalizaci\u00f3n o requerimientos del Ministerio de Trabajo.<\/div><\/div><\/div><\/div><\/div>\t\t\t<\/div>\r\n\r\n\t\t\t\t\t\r\n\t\t\t<div class=\"item-columns\">\r\n\t\t\t\t\r\n<div class=\"icon-box-item elementor-repeater-item-0a2f137\">\r\n\t\t\r\n\t\t<div class=\"iconbox-two__single\"><div class=\"iconbox-two__content\"><div class=\"iconbox-two__icon\"><i aria-hidden=\"true\" class=\" flaticon-team\"><\/i><\/div><div class=\"iconbox-two__content-inner\"><h3 class=\"iconbox-two__title\">Gesti\u00f3n de despidos y litigios laborales<\/h3><div class=\"iconbox-two__desc\">Asesor\u00eda estrat\u00e9gica para manejar terminaciones laborales con respaldo legal, minimizando riesgos.<\/div><\/div><\/div><\/div><\/div>\t\t\t<\/div>\r\n\r\n\t\t\t\t\t\r\n\t\t\t<div class=\"item-columns\">\r\n\t\t\t\t\r\n<div class=\"icon-box-item elementor-repeater-item-d61b0f6\">\r\n\t\t\r\n\t\t<div class=\"iconbox-two__single\"><div class=\"iconbox-two__content\"><div class=\"iconbox-two__icon\"><i aria-hidden=\"true\" class=\" flaticon-graphic-designer\"><\/i><\/div><div class=\"iconbox-two__content-inner\"><h3 class=\"iconbox-two__title\">Dise\u00f1o de planes de salud y seguridad ocupacional<\/h3><div class=\"iconbox-two__desc\">Cumple con la normativa del Reglamento 229-2014 y protege a tu personal con planes preventivos.<\/div><\/div><\/div><\/div><\/div>\t\t\t<\/div>\r\n\r\n\t\t\t<\/div>   \r\n<\/div>\r\n<\/div>\t\t\t\t<\/div>\n\t\t\t\t<\/div>\n\t\t\t\t<div class=\"elementor-element elementor-element-16ac849 elementor-widget elementor-widget-gva_icon_box_group\" data-id=\"16ac849\" data-element_type=\"widget\" data-widget_type=\"gva_icon_box_group.default\">\n\t\t\t\t<div class=\"elementor-widget-container\">\n\t\t\t\t\t<div class=\"gva-element-gva_icon_box_group gva-element\">\r\n<div class=\"gsc-icon-box-group layout-grid\">\r\n\t<div class=\"lg-block-grid-1 md-block-grid-3 sm-block-grid-2 xs-block-grid-1 xx-block-grid-1\">\r\n\t\t\t\t\t\r\n\t\t\t<div class=\"item-columns\">\r\n\t\t\t\t\r\n<div class=\"icon-box-item elementor-repeater-item-d61b0f6\">\r\n\t\t\r\n\t\t<div class=\"iconbox-two__single\"><div class=\"iconbox-two__content\"><div class=\"iconbox-two__icon\"><i aria-hidden=\"true\" class=\" micon__family-1\"><\/i><\/div><div class=\"iconbox-two__content-inner\"><h3 class=\"iconbox-two__title\">Formalizaci\u00f3n de trabajadores extranjeros<\/h3><div class=\"iconbox-two__desc\">Tr\u00e1mites, permisos y documentaci\u00f3n legal para integrar talento internacional conforme a la ley.<\/div><\/div><\/div><\/div><\/div>\t\t\t<\/div>\r\n\r\n\t\t\t<\/div>   \r\n<\/div>\r\n<\/div>\t\t\t\t<\/div>\n\t\t\t\t<\/div>\n\t\t\t\t\t<\/div>\n\t\t<\/div>\n\t\t\t\t\t<\/div>\n\t\t<\/section>\n\t\t\t\t<section class=\"elementor-section elementor-top-section elementor-element elementor-element-cd0c8f4 elementor-section-boxed elementor-section-height-default elementor-section-height-default\" data-id=\"cd0c8f4\" data-element_type=\"section\">\n\t\t\t\t\t\t<div class=\"elementor-container elementor-column-gap-default\">\n\t\t\t\t\t<div class=\"elementor-column elementor-col-50 elementor-top-column elementor-element elementor-element-6654613\" data-id=\"6654613\" data-element_type=\"column\">\n\t\t\t<div class=\"elementor-widget-wrap elementor-element-populated\">\n\t\t\t\t\t\t<div class=\"elementor-element elementor-element-e9f9745 elementor-widget__width-initial elementor-widget elementor-widget-gva-image-content\" data-id=\"e9f9745\" data-element_type=\"widget\" data-widget_type=\"gva-image-content.default\">\n\t\t\t\t<div class=\"elementor-widget-container\">\n\t\t\t\t\t<div class=\"gva-element-gva-image-content gva-element\">\t\t\r\n\t  \r\n\t \r\n\r\n\t\t\t<div class=\"about-two__single\">\r\n\t\t  \t<div class=\"about-two__image\"><div class=\"content-inner\"><img decoding=\"async\" src=\"https:\/\/divsser.com\/wp-content\/uploads\/2025\/09\/negocios-e1756757585862.jpg\" alt=\"\" \/><\/div><\/div>\t\t<\/div>\r\n\t \r\n\r\n\t\r\n\t \r\n  \r\n \r\n\r\n  \r\n \r\n\r\n <\/div>\t\t\t\t<\/div>\n\t\t\t\t<\/div>\n\t\t\t\t\t<\/div>\n\t\t<\/div>\n\t\t\t\t<div class=\"elementor-column elementor-col-50 elementor-top-column elementor-element elementor-element-624ddc8\" data-id=\"624ddc8\" data-element_type=\"column\">\n\t\t\t<div class=\"elementor-widget-wrap elementor-element-populated\">\n\t\t\t\t\t\t<div class=\"elementor-element elementor-element-e139f2d elementor-widget elementor-widget-gva-heading-block\" data-id=\"e139f2d\" data-element_type=\"widget\" data-widget_type=\"gva-heading-block.default\">\n\t\t\t\t<div class=\"elementor-widget-container\">\n\t\t\t\t\t<div class=\"gva-element-gva-heading-block gva-element\">   <div class=\"align-left style-1 widget gsc-heading box-align-left auto-responsive\">\r\n      <div class=\"content-inner\">\r\n         \r\n                  \r\n           \r\n         \r\n                     <h2 class=\"title\">\r\n               <span>Nuestro diferenciador<\/span>\r\n            <\/h2>\r\n                  \r\n         \r\n         \r\n      <\/div>\r\n   <\/div>\r\n<\/div>\t\t\t\t<\/div>\n\t\t\t\t<\/div>\n\t\t\t\t<div class=\"elementor-element elementor-element-c40d943 elementor-widget elementor-widget-text-editor\" data-id=\"c40d943\" data-element_type=\"widget\" data-widget_type=\"text-editor.default\">\n\t\t\t\t<div class=\"elementor-widget-container\">\n\t\t\t\t\t\t\t\t\t<p style=\"text-align: justify;\">En DIVSSER no solo cumplimos con la normativa, la hacemos comprensible y funcional para tu empresa. Combinamos experiencia legal, conocimiento t\u00e9cnico y enfoque empresarial para brindarte soluciones pr\u00e1cticas, preventivas y adaptadas a tu operaci\u00f3n. Nos convertimos en tu aliado estrat\u00e9gico, no solo en momentos cr\u00edticos, sino como parte activa en la gesti\u00f3n laboral del d\u00eda a d\u00eda.<\/p>\t\t\t\t\t\t\t\t<\/div>\n\t\t\t\t<\/div>\n\t\t\t\t\t<\/div>\n\t\t<\/div>\n\t\t\t\t\t<\/div>\n\t\t<\/section>\n\t\t\t\t<section class=\"elementor-section elementor-top-section elementor-element elementor-element-4f70878 elementor-section-boxed elementor-section-height-default elementor-section-height-default\" data-id=\"4f70878\" data-element_type=\"section\">\n\t\t\t\t\t\t<div class=\"elementor-container elementor-column-gap-default\">\n\t\t\t\t\t<div class=\"elementor-column elementor-col-100 elementor-top-column elementor-element elementor-element-fb44beb\" data-id=\"fb44beb\" data-element_type=\"column\">\n\t\t\t<div class=\"elementor-widget-wrap elementor-element-populated\">\n\t\t\t\t\t\t<div class=\"elementor-element elementor-element-edb46ca elementor-widget elementor-widget-spacer\" data-id=\"edb46ca\" data-element_type=\"widget\" data-widget_type=\"spacer.default\">\n\t\t\t\t<div class=\"elementor-widget-container\">\n\t\t\t\t\t\t\t<div class=\"elementor-spacer\">\n\t\t\t<div class=\"elementor-spacer-inner\"><\/div>\n\t\t<\/div>\n\t\t\t\t\t\t<\/div>\n\t\t\t\t<\/div>\n\t\t\t\t<div class=\"elementor-element elementor-element-54af688 elementor-widget elementor-widget-gva_icon_box_group\" data-id=\"54af688\" data-element_type=\"widget\" data-widget_type=\"gva_icon_box_group.default\">\n\t\t\t\t<div class=\"elementor-widget-container\">\n\t\t\t\t\t<div class=\"gva-element-gva_icon_box_group gva-element\">\r\n<div class=\"gsc-icon-box-group layout-grid\">\r\n\t<div class=\"lg-block-grid-2 md-block-grid-3 sm-block-grid-2 xs-block-grid-1 xx-block-grid-1\">\r\n\t\t\t\t\t\r\n\t\t\t<div class=\"item-columns\">\r\n\t\t\t\t\r\n<div class=\"icon-box-item elementor-repeater-item-fe5b0cb\">\r\n\t\t\r\n\t\t<div class=\"iconbox-two__single\"><div class=\"iconbox-two__content\"><div class=\"iconbox-two__icon\"><i aria-hidden=\"true\" class=\"far fa-registered\"><\/i><\/div><div class=\"iconbox-two__content-inner\"><h3 class=\"iconbox-two__title\">Servicios laborales que construyen confianza<\/h3><div class=\"iconbox-two__desc\">Evita sanciones, fortalece tu cumplimiento y lidera con responsabilidad. Te ayudamos a formalizar, auditar y proteger cada aspecto de tu relaci\u00f3n laboral.<\/div><\/div><\/div><\/div><\/div>\t\t\t<\/div>\r\n\r\n\t\t\t\t\t\r\n\t\t\t<div class=\"item-columns\">\r\n\t\t\t\t\r\n<div class=\"icon-box-item elementor-repeater-item-0ac5cb8\">\r\n\t\t\r\n\t\t<div class=\"iconbox-two__single\"><div class=\"iconbox-two__content\"><div class=\"iconbox-two__icon\"><i aria-hidden=\"true\" class=\"fas fa-diagnoses\"><\/i><\/div><div class=\"iconbox-two__content-inner\"><h3 class=\"iconbox-two__title\">Prevenci\u00f3n y liderazgo organizacional<\/h3><div class=\"iconbox-two__desc\">No solo cumplimos con la ley: la entendemos, la aplicamos y la adaptamos a tu giro empresarial. Nuestro enfoque es pr\u00e1ctico, preventivo y estrat\u00e9gico.<\/div><\/div><\/div><\/div><\/div>\t\t\t<\/div>\r\n\r\n\t\t\t<\/div>   \r\n<\/div>\r\n<\/div>\t\t\t\t<\/div>\n\t\t\t\t<\/div>\n\t\t\t\t<div class=\"elementor-element elementor-element-45e4f83 elementor-widget elementor-widget-spacer\" data-id=\"45e4f83\" data-element_type=\"widget\" data-widget_type=\"spacer.default\">\n\t\t\t\t<div class=\"elementor-widget-container\">\n\t\t\t\t\t\t\t<div class=\"elementor-spacer\">\n\t\t\t<div class=\"elementor-spacer-inner\"><\/div>\n\t\t<\/div>\n\t\t\t\t\t\t<\/div>\n\t\t\t\t<\/div>\n\t\t\t\t\t<\/div>\n\t\t<\/div>\n\t\t\t\t\t<\/div>\n\t\t<\/section>\n\t\t\t\t<\/div>\n\t\t","protected":false},"excerpt":{"rendered":"<p>DIVSSER LABORAL Asesor\u00eda Empresarial Diversa, Sociedad An\u00f3nima DIVSSER LABORAL En DIVSSER ofrecemos soluciones legales y administrativas para asegurar que tu empresa opere conforme a la normativa laboral vigente en Guatemala. [&hellip;]<\/p>\n<div class=\"pvc_clear\"><\/div>\n<p id=\"pvc_stats_659\" class=\"pvc_stats all  \" data-element-id=\"659\" style=\"\"><i class=\"pvc-stats-icon medium\" aria-hidden=\"true\"><svg aria-hidden=\"true\" focusable=\"false\" data-prefix=\"far\" data-icon=\"chart-bar\" role=\"img\" xmlns=\"http:\/\/www.w3.org\/2000\/svg\" viewBox=\"0 0 512 512\" class=\"svg-inline--fa fa-chart-bar fa-w-16 fa-2x\"><path fill=\"currentColor\" d=\"M396.8 352h22.4c6.4 0 12.8-6.4 12.8-12.8V108.8c0-6.4-6.4-12.8-12.8-12.8h-22.4c-6.4 0-12.8 6.4-12.8 12.8v230.4c0 6.4 6.4 12.8 12.8 12.8zm-192 0h22.4c6.4 0 12.8-6.4 12.8-12.8V140.8c0-6.4-6.4-12.8-12.8-12.8h-22.4c-6.4 0-12.8 6.4-12.8 12.8v198.4c0 6.4 6.4 12.8 12.8 12.8zm96 0h22.4c6.4 0 12.8-6.4 12.8-12.8V204.8c0-6.4-6.4-12.8-12.8-12.8h-22.4c-6.4 0-12.8 6.4-12.8 12.8v134.4c0 6.4 6.4 12.8 12.8 12.8zM496 400H48V80c0-8.84-7.16-16-16-16H16C7.16 64 0 71.16 0 80v336c0 17.67 14.33 32 32 32h464c8.84 0 16-7.16 16-16v-16c0-8.84-7.16-16-16-16zm-387.2-48h22.4c6.4 0 12.8-6.4 12.8-12.8v-70.4c0-6.4-6.4-12.8-12.8-12.8h-22.4c-6.4 0-12.8 6.4-12.8 12.8v70.4c0 6.4 6.4 12.8 12.8 12.8z\" class=\"\"><\/path><\/svg><\/i> <img decoding=\"async\" width=\"16\" height=\"16\" alt=\"Loading\" src=\"https:\/\/divsser.com\/wp-content\/plugins\/page-views-count\/ajax-loader-2x.gif\" border=0 \/><\/p>\n<div class=\"pvc_clear\"><\/div>\n","protected":false},"author":1,"featured_media":0,"parent":0,"menu_order":0,"comment_status":"closed","ping_status":"closed","template":"","meta":{"footnotes":""},"class_list":["post-659","page","type-page","status-publish","hentry"],"_links":{"self":[{"href":"https:\/\/divsser.com\/index.php?rest_route=\/wp\/v2\/pages\/659","targetHints":{"allow":["GET"]}}],"collection":[{"href":"https:\/\/divsser.com\/index.php?rest_route=\/wp\/v2\/pages"}],"about":[{"href":"https:\/\/divsser.com\/index.php?rest_route=\/wp\/v2\/types\/page"}],"author":[{"embeddable":true,"href":"https:\/\/divsser.com\/index.php?rest_route=\/wp\/v2\/users\/1"}],"replies":[{"embeddable":true,"href":"https:\/\/divsser.com\/index.php?rest_route=%2Fwp%2Fv2%2Fcomments&post=659"}],"version-history":[{"count":37,"href":"https:\/\/divsser.com\/index.php?rest_route=\/wp\/v2\/pages\/659\/revisions"}],"predecessor-version":[{"id":1018,"href":"https:\/\/divsser.com\/index.php?rest_route=\/wp\/v2\/pages\/659\/revisions\/1018"}],"wp:attachment":[{"href":"https:\/\/divsser.com\/index.php?rest_route=%2Fwp%2Fv2%2Fmedia&parent=659"}],"curies":[{"name":"wp","href":"https:\/\/api.w.org\/{rel}","templated":true}]}}