{"id":623,"date":"2025-07-07T06:37:59","date_gmt":"2025-07-07T04:37:59","guid":{"rendered":"https:\/\/divsser.com\/?page_id=623"},"modified":"2025-09-03T17:55:09","modified_gmt":"2025-09-03T15:55:09","slug":"business","status":"publish","type":"page","link":"https:\/\/divsser.com\/?page_id=623","title":{"rendered":"BUSINESS"},"content":{"rendered":"\t\t<div data-elementor-type=\"wp-page\" data-elementor-id=\"623\" class=\"elementor elementor-623\">\n\t\t\t\t\t\t<section class=\"elementor-section elementor-top-section elementor-element elementor-element-1978267 elementor-section-boxed elementor-section-height-default elementor-section-height-default\" data-id=\"1978267\" data-element_type=\"section\" data-settings=\"{&quot;background_background&quot;:&quot;slideshow&quot;,&quot;background_slideshow_gallery&quot;:[{&quot;id&quot;:783,&quot;url&quot;:&quot;https:\\\/\\\/divsser.com\\\/wp-content\\\/uploads\\\/2025\\\/08\\\/wall3.jpg&quot;},{&quot;id&quot;:786,&quot;url&quot;:&quot;https:\\\/\\\/divsser.com\\\/wp-content\\\/uploads\\\/2025\\\/08\\\/wall4.1-1-rotated.jpg&quot;}],&quot;background_slideshow_ken_burns&quot;:&quot;yes&quot;,&quot;background_slideshow_loop&quot;:&quot;yes&quot;,&quot;background_slideshow_slide_duration&quot;:5000,&quot;background_slideshow_slide_transition&quot;:&quot;fade&quot;,&quot;background_slideshow_transition_duration&quot;:500,&quot;background_slideshow_ken_burns_zoom_direction&quot;:&quot;in&quot;}\">\n\t\t\t\t\t\t<div class=\"elementor-container elementor-column-gap-default\">\n\t\t\t\t\t<div class=\"elementor-column elementor-col-100 elementor-top-column elementor-element elementor-element-7aad941\" data-id=\"7aad941\" data-element_type=\"column\">\n\t\t\t<div class=\"elementor-widget-wrap elementor-element-populated\">\n\t\t\t\t\t\t<div class=\"elementor-element elementor-element-322798a elementor-widget elementor-widget-gva-heading-block\" data-id=\"322798a\" data-element_type=\"widget\" data-widget_type=\"gva-heading-block.default\">\n\t\t\t\t<div class=\"elementor-widget-container\">\n\t\t\t\t\t<div class=\"gva-element-gva-heading-block gva-element\">   <div class=\"align-left style-1 widget gsc-heading box-align-left auto-responsive\">\r\n      <div class=\"content-inner\">\r\n         \r\n                  \r\n           \r\n         \r\n                     <h2 class=\"title\">\r\n               <span>DIVSSER BUSINESS<\/span>\r\n            <\/h2>\r\n                  \r\n                     <div class=\"title-desc\">Asesor\u00eda Empresarial Diversa, Sociedad An\u00f3nima <\/div>\r\n         \r\n         \r\n      <\/div>\r\n   <\/div>\r\n<\/div>\t\t\t\t<\/div>\n\t\t\t\t<\/div>\n\t\t\t\t\t<\/div>\n\t\t<\/div>\n\t\t\t\t\t<\/div>\n\t\t<\/section>\n\t\t\t\t<section class=\"elementor-section elementor-top-section elementor-element elementor-element-467c6b1 elementor-section-boxed elementor-section-height-default elementor-section-height-default\" data-id=\"467c6b1\" data-element_type=\"section\" data-settings=\"{&quot;background_background&quot;:&quot;classic&quot;}\">\n\t\t\t\t\t\t\t<div class=\"elementor-background-overlay\"><\/div>\n\t\t\t\t\t\t\t<div class=\"elementor-container elementor-column-gap-default\">\n\t\t\t\t\t<div class=\"elementor-column elementor-col-100 elementor-top-column elementor-element elementor-element-06e3854 elementor-invisible\" data-id=\"06e3854\" data-element_type=\"column\" data-settings=\"{&quot;animation&quot;:&quot;bounce&quot;}\">\n\t\t\t<div class=\"elementor-widget-wrap elementor-element-populated\">\n\t\t\t\t\t\t<div class=\"elementor-element elementor-element-797f447 elementor-widget elementor-widget-spacer\" data-id=\"797f447\" data-element_type=\"widget\" data-widget_type=\"spacer.default\">\n\t\t\t\t<div class=\"elementor-widget-container\">\n\t\t\t\t\t\t\t<div class=\"elementor-spacer\">\n\t\t\t<div class=\"elementor-spacer-inner\"><\/div>\n\t\t<\/div>\n\t\t\t\t\t\t<\/div>\n\t\t\t\t<\/div>\n\t\t\t\t<div class=\"elementor-element elementor-element-4e63306 elementor-widget elementor-widget-gva-heading-block\" data-id=\"4e63306\" data-element_type=\"widget\" data-settings=\"{&quot;_animation&quot;:&quot;none&quot;}\" data-widget_type=\"gva-heading-block.default\">\n\t\t\t\t<div class=\"elementor-widget-container\">\n\t\t\t\t\t<div class=\"gva-element-gva-heading-block gva-element\">   <div class=\"align-left style-1 widget gsc-heading box-align-left auto-responsive\">\r\n      <div class=\"content-inner\">\r\n         \r\n                  \r\n         <div class=\"sub-title\"><span class=\"tagline\">DIVSSER BUSINESS<\/span><\/div>  \r\n         \r\n                  \r\n         \r\n         \r\n      <\/div>\r\n   <\/div>\r\n<\/div>\t\t\t\t<\/div>\n\t\t\t\t<\/div>\n\t\t\t\t<div class=\"elementor-element elementor-element-31a6ee0 elementor-widget elementor-widget-text-editor\" data-id=\"31a6ee0\" data-element_type=\"widget\" data-widget_type=\"text-editor.default\">\n\t\t\t\t<div class=\"elementor-widget-container\">\n\t\t\t\t\t\t\t\t\t<p style=\"text-align: justify;\">Es nuestra l\u00ednea especializada en brindar apoyo a emprendedores y empresarios que buscan formalizar, estructurar o reposicionar sus empresas en el mercado guatemalteco. Contamos con amplia experiencia en la <strong>constituci\u00f3n de sociedades<\/strong>, el <strong>dise\u00f1o de objetos sociales adecuados al giro comercial<\/strong> y la <strong>implementaci\u00f3n de estructuras legales eficientes<\/strong>.<\/p>\t\t\t\t\t\t\t\t<\/div>\n\t\t\t\t<\/div>\n\t\t\t\t<div class=\"elementor-element elementor-element-50bd2dd elementor-widget elementor-widget-spacer\" data-id=\"50bd2dd\" data-element_type=\"widget\" data-widget_type=\"spacer.default\">\n\t\t\t\t<div class=\"elementor-widget-container\">\n\t\t\t\t\t\t\t<div class=\"elementor-spacer\">\n\t\t\t<div class=\"elementor-spacer-inner\"><\/div>\n\t\t<\/div>\n\t\t\t\t\t\t<\/div>\n\t\t\t\t<\/div>\n\t\t\t\t<div class=\"elementor-element elementor-element-9a42d9b elementor-invisible elementor-widget elementor-widget-gva-heading-block\" data-id=\"9a42d9b\" data-element_type=\"widget\" data-settings=\"{&quot;_animation&quot;:&quot;jello&quot;}\" data-widget_type=\"gva-heading-block.default\">\n\t\t\t\t<div class=\"elementor-widget-container\">\n\t\t\t\t\t<div class=\"gva-element-gva-heading-block gva-element\">   <div class=\"align-center style-1 widget gsc-heading box-align-left auto-responsive\">\r\n      <div class=\"content-inner\">\r\n         \r\n                  \r\n         <div class=\"sub-title\"><span class=\"tagline\">Impulsa tu empresa con estructuras legales eficientes a tu medida<\/span><\/div>  \r\n         \r\n                     <h2 class=\"title\">\r\n               <span>Nuestros Servicios<\/span>\r\n            <\/h2>\r\n                  \r\n         \r\n         \r\n      <\/div>\r\n   <\/div>\r\n<\/div>\t\t\t\t<\/div>\n\t\t\t\t<\/div>\n\t\t\t\t<div class=\"elementor-element elementor-element-edd853a elementor-widget elementor-widget-gva_icon_box_group\" data-id=\"edd853a\" data-element_type=\"widget\" data-widget_type=\"gva_icon_box_group.default\">\n\t\t\t\t<div class=\"elementor-widget-container\">\n\t\t\t\t\t<div class=\"gva-element-gva_icon_box_group gva-element\">\r\n<div class=\"gsc-icon-box-group layout-grid\">\r\n\t<div class=\"lg-block-grid-3 md-block-grid-3 sm-block-grid-2 xs-block-grid-1 xx-block-grid-1\">\r\n\t\t\t\t\t\r\n\t\t\t<div class=\"item-columns\">\r\n\t\t\t\t\r\n<div class=\"icon-box-item elementor-repeater-item-fe5b0cb\">\r\n\t\t\r\n\t\t<div class=\"iconbox-two__single\"><div class=\"iconbox-two__content\"><div class=\"iconbox-two__icon\"><i aria-hidden=\"true\" class=\"far fa-gem\"><\/i><\/div><div class=\"iconbox-two__content-inner\"><h3 class=\"iconbox-two__title\">Constituci\u00f3n de Sociedades y Estructuras Legales<\/h3><div class=\"iconbox-two__desc\">Ofrecemos asesor\u00eda integral para la creaci\u00f3n de empresas, seleccionando la figura jur\u00eddica m\u00e1s adecuada y gestionando todo el proceso legal de constituci\u00f3n.<\/div><\/div><\/div><\/div><\/div>\t\t\t<\/div>\r\n\r\n\t\t\t\t\t\r\n\t\t\t<div class=\"item-columns\">\r\n\t\t\t\t\r\n<div class=\"icon-box-item elementor-repeater-item-0ac5cb8\">\r\n\t\t\r\n\t\t<div class=\"iconbox-two__single\"><div class=\"iconbox-two__content\"><div class=\"iconbox-two__icon\"><i aria-hidden=\"true\" class=\"far fa-hand-rock\"><\/i><\/div><div class=\"iconbox-two__content-inner\"><h3 class=\"iconbox-two__title\">Actualizaci\u00f3n y Modificaci\u00f3n de Objetos Sociales<\/h3><div class=\"iconbox-two__desc\">Adaptamos legalmente el objeto social de tu empresa para incluir nuevas actividades econ\u00f3micas, asegurando el cumplimiento de los requisitos mercantiles.<\/div><\/div><\/div><\/div><\/div>\t\t\t<\/div>\r\n\r\n\t\t\t\t\t\r\n\t\t\t<div class=\"item-columns\">\r\n\t\t\t\t\r\n<div class=\"icon-box-item elementor-repeater-item-ac0aef2\">\r\n\t\t\r\n\t\t<div class=\"iconbox-two__single\"><div class=\"iconbox-two__content\"><div class=\"iconbox-two__icon\"><i aria-hidden=\"true\" class=\"far fa-comments\"><\/i><\/div><div class=\"iconbox-two__content-inner\"><h3 class=\"iconbox-two__title\">Redacci\u00f3n de Actas de Asambleas Ordinarias y Extraordinarias<\/h3><div class=\"iconbox-two__desc\">Elaboramos actas formales que reflejan las decisiones tomadas por los socios o accionistas, cumpliendo con las exigencias legales vigentes.<\/div><\/div><\/div><\/div><\/div>\t\t\t<\/div>\r\n\r\n\t\t\t<\/div>   \r\n<\/div>\r\n<\/div>\t\t\t\t<\/div>\n\t\t\t\t<\/div>\n\t\t\t\t<div class=\"elementor-element elementor-element-b6cf445 elementor-widget elementor-widget-gva_icon_box_group\" data-id=\"b6cf445\" data-element_type=\"widget\" data-widget_type=\"gva_icon_box_group.default\">\n\t\t\t\t<div class=\"elementor-widget-container\">\n\t\t\t\t\t<div class=\"gva-element-gva_icon_box_group gva-element\">\r\n<div class=\"gsc-icon-box-group layout-grid\">\r\n\t<div class=\"lg-block-grid-3 md-block-grid-3 sm-block-grid-2 xs-block-grid-1 xx-block-grid-1\">\r\n\t\t\t\t\t\r\n\t\t\t<div class=\"item-columns\">\r\n\t\t\t\t\r\n<div class=\"icon-box-item elementor-repeater-item-fe5b0cb\">\r\n\t\t\r\n\t\t<div class=\"iconbox-two__single\"><div class=\"iconbox-two__content\"><div class=\"iconbox-two__icon\"><i aria-hidden=\"true\" class=\"far fa-list-alt\"><\/i><\/div><div class=\"iconbox-two__content-inner\"><h3 class=\"iconbox-two__title\">Emisi\u00f3n de Acciones y Control en Libros Corporativos<\/h3><div class=\"iconbox-two__desc\">Gestionamos la emisi\u00f3n, registro y control de acciones en los libros corporativos, garantizando transparencia y cumplimiento normativo.<\/div><\/div><\/div><\/div><\/div>\t\t\t<\/div>\r\n\r\n\t\t\t\t\t\r\n\t\t\t<div class=\"item-columns\">\r\n\t\t\t\t\r\n<div class=\"icon-box-item elementor-repeater-item-0ac5cb8\">\r\n\t\t\r\n\t\t<div class=\"iconbox-two__single\"><div class=\"iconbox-two__content\"><div class=\"iconbox-two__icon\"><i aria-hidden=\"true\" class=\"fas fa-check-double\"><\/i><\/div><div class=\"iconbox-two__content-inner\"><h3 class=\"iconbox-two__title\">Renovaci\u00f3n de Patentes y Licencias Mercantiles<\/h3><div class=\"iconbox-two__desc\">Nos encargamos de la renovaci\u00f3n oportuna de patentes y licencias para que tu empresa opere legalmente sin interrupciones ante las autoridades locales.<\/div><\/div><\/div><\/div><\/div>\t\t\t<\/div>\r\n\r\n\t\t\t\t\t\r\n\t\t\t<div class=\"item-columns\">\r\n\t\t\t\t\r\n<div class=\"icon-box-item elementor-repeater-item-ac0aef2\">\r\n\t\t\r\n\t\t<div class=\"iconbox-two__single\"><div class=\"iconbox-two__content\"><div class=\"iconbox-two__icon\"><i aria-hidden=\"true\" class=\"far fa-folder-open\"><\/i><\/div><div class=\"iconbox-two__content-inner\"><h3 class=\"iconbox-two__title\">Registro y Renovaci\u00f3n de Marcas<\/h3><div class=\"iconbox-two__desc\">Protege la identidad de tu marca. Registramos y renovamos tus signos distintivos para asegurar su uso exclusivo en el mercado.<\/div><\/div><\/div><\/div><\/div>\t\t\t<\/div>\r\n\r\n\t\t\t<\/div>   \r\n<\/div>\r\n<\/div>\t\t\t\t<\/div>\n\t\t\t\t<\/div>\n\t\t\t\t<div class=\"elementor-element elementor-element-984fbc7 elementor-widget elementor-widget-gva_icon_box_group\" data-id=\"984fbc7\" data-element_type=\"widget\" data-widget_type=\"gva_icon_box_group.default\">\n\t\t\t\t<div class=\"elementor-widget-container\">\n\t\t\t\t\t<div class=\"gva-element-gva_icon_box_group gva-element\">\r\n<div class=\"gsc-icon-box-group layout-grid\">\r\n\t<div class=\"lg-block-grid-3 md-block-grid-3 sm-block-grid-2 xs-block-grid-1 xx-block-grid-1\">\r\n\t\t\t\t\t\r\n\t\t\t<div class=\"item-columns\">\r\n\t\t\t\t\r\n<div class=\"icon-box-item elementor-repeater-item-fe5b0cb\">\r\n\t\t\r\n\t\t<div class=\"iconbox-two__single\"><div class=\"iconbox-two__content\"><div class=\"iconbox-two__icon\"><i aria-hidden=\"true\" class=\"far fa-registered\"><\/i><\/div><div class=\"iconbox-two__content-inner\"><h3 class=\"iconbox-two__title\">Cambios de Representantes Legales<\/h3><div class=\"iconbox-two__desc\">Realizamos todos los tr\u00e1mites necesarios para formalizar el cambio o nombramiento de representantes legales ante registros y organismos oficiales.<\/div><\/div><\/div><\/div><\/div>\t\t\t<\/div>\r\n\r\n\t\t\t\t\t\r\n\t\t\t<div class=\"item-columns\">\r\n\t\t\t\t\r\n<div class=\"icon-box-item elementor-repeater-item-0ac5cb8\">\r\n\t\t\r\n\t\t<div class=\"iconbox-two__single\"><div class=\"iconbox-two__content\"><div class=\"iconbox-two__icon\"><i aria-hidden=\"true\" class=\"fas fa-diagnoses\"><\/i><\/div><div class=\"iconbox-two__content-inner\"><h3 class=\"iconbox-two__title\">Gesti\u00f3n de Sucursales o Ampliaci\u00f3n Comercial<\/h3><div class=\"iconbox-two__desc\">Apoyamos la expansi\u00f3n de tu empresa mediante la apertura y registro de sucursales o nuevas l\u00edneas de negocio en distintas jurisdicciones.<\/div><\/div><\/div><\/div><\/div>\t\t\t<\/div>\r\n\r\n\t\t\t\t\t\r\n\t\t\t<div class=\"item-columns\">\r\n\t\t\t\t\r\n<div class=\"icon-box-item elementor-repeater-item-243bed5\">\r\n\t\t\r\n\t\t<div class=\"iconbox-two__single\"><div class=\"iconbox-two__content\"><div class=\"iconbox-two__icon\"><i aria-hidden=\"true\" class=\"fas fa-chess-queen\"><\/i><\/div><div class=\"iconbox-two__content-inner\"><h3 class=\"iconbox-two__title\">Asesor\u00eda Permanente en Estrategia Corporativa<\/h3><div class=\"iconbox-two__desc\">Brindamos acompa\u00f1amiento legal continuo en temas estrat\u00e9gicos, contractuales y estructurales para apoyar el crecimiento sostenido de tu empresa.<\/div><\/div><\/div><\/div><\/div>\t\t\t<\/div>\r\n\r\n\t\t\t<\/div>   \r\n<\/div>\r\n<\/div>\t\t\t\t<\/div>\n\t\t\t\t<\/div>\n\t\t\t\t<div class=\"elementor-element elementor-element-6f48cb9 elementor-widget elementor-widget-spacer\" data-id=\"6f48cb9\" data-element_type=\"widget\" data-widget_type=\"spacer.default\">\n\t\t\t\t<div class=\"elementor-widget-container\">\n\t\t\t\t\t\t\t<div class=\"elementor-spacer\">\n\t\t\t<div class=\"elementor-spacer-inner\"><\/div>\n\t\t<\/div>\n\t\t\t\t\t\t<\/div>\n\t\t\t\t<\/div>\n\t\t\t\t<div class=\"elementor-element elementor-element-32b400f elementor-widget elementor-widget-gva-heading-block\" data-id=\"32b400f\" data-element_type=\"widget\" data-widget_type=\"gva-heading-block.default\">\n\t\t\t\t<div class=\"elementor-widget-container\">\n\t\t\t\t\t<div class=\"gva-element-gva-heading-block gva-element\">   <div class=\"align-center style-3 widget gsc-heading box-align-left auto-responsive\">\r\n      <div class=\"content-inner\">\r\n         \r\n                  \r\n           \r\n         \r\n                     <h2 class=\"title\">\r\n               <span>Constituye tu sociedad con respaldo experto y enfoque estrat\u00e9gico<\/span>\r\n            <\/h2>\r\n                  \r\n         \r\n         \r\n      <\/div>\r\n   <\/div>\r\n<\/div>\t\t\t\t<\/div>\n\t\t\t\t<\/div>\n\t\t\t\t<div class=\"elementor-element elementor-element-dfc2d34 elementor-invisible elementor-widget elementor-widget-text-editor\" data-id=\"dfc2d34\" data-element_type=\"widget\" data-settings=\"{&quot;_animation&quot;:&quot;headShake&quot;}\" data-widget_type=\"text-editor.default\">\n\t\t\t\t<div class=\"elementor-widget-container\">\n\t\t\t\t\t\t\t\t\t<p style=\"text-align: justify;\">Nuestro acompa\u00f1amiento garantiza claridad, legalidad, eficiencia y estrategia en cada etapa del proceso empresarial, aportando valor desde la base legal hasta la proyecci\u00f3n de la empresa como una marca confiable y competitiva.<\/p>\t\t\t\t\t\t\t\t<\/div>\n\t\t\t\t<\/div>\n\t\t\t\t<div class=\"elementor-element elementor-element-5082d0d text-center elementor-widget elementor-widget-html\" data-id=\"5082d0d\" data-element_type=\"widget\" data-widget_type=\"html.default\">\n\t\t\t\t<div class=\"elementor-widget-container\">\n\t\t\t\t\t<a class=\"btn-theme-2\" href=\"https:\/\/divsser.com\/?page_id=623#footer\">\nCont\u00e1ctenos\n<\/a>\t\t\t\t<\/div>\n\t\t\t\t<\/div>\n\t\t\t\t<div class=\"elementor-element elementor-element-b3ea30c elementor-widget elementor-widget-spacer\" data-id=\"b3ea30c\" data-element_type=\"widget\" id=\"footer\" data-widget_type=\"spacer.default\">\n\t\t\t\t<div class=\"elementor-widget-container\">\n\t\t\t\t\t\t\t<div class=\"elementor-spacer\">\n\t\t\t<div class=\"elementor-spacer-inner\"><\/div>\n\t\t<\/div>\n\t\t\t\t\t\t<\/div>\n\t\t\t\t<\/div>\n\t\t\t\t\t<\/div>\n\t\t<\/div>\n\t\t\t\t\t<\/div>\n\t\t<\/section>\n\t\t\t\t<\/div>\n\t\t","protected":false},"excerpt":{"rendered":"<p>DIVSSER BUSINESS Asesor\u00eda Empresarial Diversa, Sociedad An\u00f3nima DIVSSER BUSINESS Es nuestra l\u00ednea especializada en brindar apoyo a emprendedores y empresarios que buscan formalizar, estructurar o reposicionar sus empresas en el [&hellip;]<\/p>\n<div class=\"pvc_clear\"><\/div>\n<p id=\"pvc_stats_623\" class=\"pvc_stats all  \" data-element-id=\"623\" style=\"\"><i class=\"pvc-stats-icon medium\" aria-hidden=\"true\"><svg aria-hidden=\"true\" focusable=\"false\" data-prefix=\"far\" data-icon=\"chart-bar\" role=\"img\" xmlns=\"http:\/\/www.w3.org\/2000\/svg\" viewBox=\"0 0 512 512\" class=\"svg-inline--fa fa-chart-bar fa-w-16 fa-2x\"><path fill=\"currentColor\" d=\"M396.8 352h22.4c6.4 0 12.8-6.4 12.8-12.8V108.8c0-6.4-6.4-12.8-12.8-12.8h-22.4c-6.4 0-12.8 6.4-12.8 12.8v230.4c0 6.4 6.4 12.8 12.8 12.8zm-192 0h22.4c6.4 0 12.8-6.4 12.8-12.8V140.8c0-6.4-6.4-12.8-12.8-12.8h-22.4c-6.4 0-12.8 6.4-12.8 12.8v198.4c0 6.4 6.4 12.8 12.8 12.8zm96 0h22.4c6.4 0 12.8-6.4 12.8-12.8V204.8c0-6.4-6.4-12.8-12.8-12.8h-22.4c-6.4 0-12.8 6.4-12.8 12.8v134.4c0 6.4 6.4 12.8 12.8 12.8zM496 400H48V80c0-8.84-7.16-16-16-16H16C7.16 64 0 71.16 0 80v336c0 17.67 14.33 32 32 32h464c8.84 0 16-7.16 16-16v-16c0-8.84-7.16-16-16-16zm-387.2-48h22.4c6.4 0 12.8-6.4 12.8-12.8v-70.4c0-6.4-6.4-12.8-12.8-12.8h-22.4c-6.4 0-12.8 6.4-12.8 12.8v70.4c0 6.4 6.4 12.8 12.8 12.8z\" class=\"\"><\/path><\/svg><\/i> <img decoding=\"async\" width=\"16\" height=\"16\" alt=\"Loading\" src=\"https:\/\/divsser.com\/wp-content\/plugins\/page-views-count\/ajax-loader-2x.gif\" border=0 \/><\/p>\n<div class=\"pvc_clear\"><\/div>\n","protected":false},"author":1,"featured_media":0,"parent":0,"menu_order":0,"comment_status":"closed","ping_status":"closed","template":"","meta":{"footnotes":""},"class_list":["post-623","page","type-page","status-publish","hentry"],"_links":{"self":[{"href":"https:\/\/divsser.com\/index.php?rest_route=\/wp\/v2\/pages\/623","targetHints":{"allow":["GET"]}}],"collection":[{"href":"https:\/\/divsser.com\/index.php?rest_route=\/wp\/v2\/pages"}],"about":[{"href":"https:\/\/divsser.com\/index.php?rest_route=\/wp\/v2\/types\/page"}],"author":[{"embeddable":true,"href":"https:\/\/divsser.com\/index.php?rest_route=\/wp\/v2\/users\/1"}],"replies":[{"embeddable":true,"href":"https:\/\/divsser.com\/index.php?rest_route=%2Fwp%2Fv2%2Fcomments&post=623"}],"version-history":[{"count":94,"href":"https:\/\/divsser.com\/index.php?rest_route=\/wp\/v2\/pages\/623\/revisions"}],"predecessor-version":[{"id":1030,"href":"https:\/\/divsser.com\/index.php?rest_route=\/wp\/v2\/pages\/623\/revisions\/1030"}],"wp:attachment":[{"href":"https:\/\/divsser.com\/index.php?rest_route=%2Fwp%2Fv2%2Fmedia&parent=623"}],"curies":[{"name":"wp","href":"https:\/\/api.w.org\/{rel}","templated":true}]}}